{"id":2,"date":"2008-11-22T11:30:24","date_gmt":"2008-11-22T10:30:24","guid":{"rendered":"http:\/\/www.vidareutbildning.se\/skolloggen\/?page_id=2"},"modified":"2018-12-15T22:44:28","modified_gmt":"2018-12-15T21:44:28","slug":"about","status":"publish","type":"page","link":"https:\/\/www.vidareutbildning.se\/skolloggen\/about\/","title":{"rendered":"Om"},"content":{"rendered":"<p>P\u00e5 skolloggen, en webblogg om skolan i Sverige,\u00a0 kommer du hitta information om aktuella f\u00f6rh\u00e5llanden och h\u00e4ndelser i skolan som kan vara skrivna av olika akt\u00f6rer med anknytning till skolan.<\/p>\n<p>Ansvarig utgivare \u00e4r <a href=\"https:\/\/jakob.svensson.in\">Jakob Svensson<\/a> legitimerad l\u00e4rare f\u00f6r undervisning bl.a. inom kemi och biologi p\u00e5 h\u00f6gstadiet, biologi och h\u00e5llbar utveckling p\u00e5 gymnasiet etc. och med\u00a0 l\u00e5ng erfarenhet av undervisning och skolsystemet fr\u00e5n flera perspektiv.<\/p>\n","protected":false},"excerpt":{"rendered":"<p>P\u00e5 skolloggen, en webblogg om skolan i Sverige,\u00a0 kommer du hitta information om aktuella f\u00f6rh\u00e5llanden och h\u00e4ndelser i skolan som kan vara skrivna av olika akt\u00f6rer med anknytning till skolan. Ansvarig utgivare \u00e4r Jakob Svensson legitimerad l\u00e4rare f\u00f6r undervisning bl.a. inom kemi och biologi p\u00e5 h\u00f6gstadiet, biologi och h\u00e5llbar utveckling p\u00e5 gymnasiet etc. och med\u00a0&#8230; <\/p>\n<div class=\"read-more\"><a href=\"https:\/\/www.vidareutbildning.se\/skolloggen\/about\/\">Read More<\/a><\/div>\n","protected":false},"author":1,"featured_media":0,"parent":0,"menu_order":0,"comment_status":"open","ping_status":"open","template":"","meta":{"footnotes":""},"class_list":["post-2","page","type-page","status-publish","hentry"],"_links":{"self":[{"href":"https:\/\/www.vidareutbildning.se\/skolloggen\/wp-json\/wp\/v2\/pages\/2","targetHints":{"allow":["GET"]}}],"collection":[{"href":"https:\/\/www.vidareutbildning.se\/skolloggen\/wp-json\/wp\/v2\/pages"}],"about":[{"href":"https:\/\/www.vidareutbildning.se\/skolloggen\/wp-json\/wp\/v2\/types\/page"}],"author":[{"embeddable":true,"href":"https:\/\/www.vidareutbildning.se\/skolloggen\/wp-json\/wp\/v2\/users\/1"}],"replies":[{"embeddable":true,"href":"https:\/\/www.vidareutbildning.se\/skolloggen\/wp-json\/wp\/v2\/comments?post=2"}],"version-history":[{"count":4,"href":"https:\/\/www.vidareutbildning.se\/skolloggen\/wp-json\/wp\/v2\/pages\/2\/revisions"}],"predecessor-version":[{"id":215,"href":"https:\/\/www.vidareutbildning.se\/skolloggen\/wp-json\/wp\/v2\/pages\/2\/revisions\/215"}],"wp:attachment":[{"href":"https:\/\/www.vidareutbildning.se\/skolloggen\/wp-json\/wp\/v2\/media?parent=2"}],"curies":[{"name":"wp","href":"https:\/\/api.w.org\/{rel}","templated":true}]}}